{"id":7,"date":"2017-12-21T14:27:36","date_gmt":"2017-12-21T14:27:36","guid":{"rendered":"http:\/\/lisaroeckener.de\/?page_id=7"},"modified":"2026-01-13T18:57:12","modified_gmt":"2026-01-13T17:57:12","slug":"startseite","status":"publish","type":"page","link":"https:\/\/lisaroeckener.de\/","title":{"rendered":"Herzlich Willkommen auf meiner Seite!"},"content":{"rendered":"<p style=\"text-align: center;\">\n<p style=\"text-align: center;\"><em><strong><span style=\"font-size: revert;\"><span style=\"color: #ff0000;\">Tickets f\u00fcr unseren Ausbildungs-\/ Showabend \u201cR\u00d6CKENERS AT NIGHT 2027\u201d sind nun verf\u00fcgbar. Weitere Infos und Einblicke gibt es auf meiner Instagramseite lisa_roeckener.<\/span><\/span><\/strong><\/em><\/p>\n<p style=\"text-align: center;\"><a href=\"https:\/\/www.ticketmaster.de\/artist\/rockeners-at-night-tickets\/1230434\">https:\/\/www.ticketmaster.de\/artist\/rockener-s-at-night-tickets\/1230434<\/a><\/p>\n<p style=\"text-align: center;\"><span style=\"font-size: revert;\">Ich bin Lisa, 30 Jahre alt und habe mich neben meinem nun abgeschlossenem Lehramts-Referendariat selbstst\u00e4ndig gemacht. Ich kombiniere den Turniersport mit Freiarbeit und lege viel Wert auf einen fairen Umgang mit dem Partner Pferd. <\/span><\/p>\n<p style=\"text-align: center;\"><span style=\"font-size: revert;\">Mein angelerntes Wissen darf ich in Lehrg\u00e4ngen, Seminaren, im Fernsehn, bei Ausbildungsabenden und in meinen B\u00fcchern weitergeben und die Ergebnisse unserer Arbeit w\u00e4hrend Shows und \u00fcber Instagram pr\u00e4sentieren. Ich verlange eine dem Pferd individuell angepasste Leistung, die auf viel Grundlagenarbeit basiert und Konsequenz mit Fairness und Freundlichkeit kombiniert. \u00a0<\/span><\/p>\n<p style=\"text-align: center;\"><span style=\"font-size: revert;\">Pferde sind keine Sportger\u00e4te, sondern k\u00f6nnen zu den besten Sportspartnern und Freunden werden, solange Pferd und Reiter zusammenarbeiten und auch R\u00fcckschritte positiv nutzen. <\/span><span style=\"font-size: revert;\">Leistung abrufen sollte dabei keinen negativen Beiklang haben. Die Arbeit am und mit dem Pferd basiert auf einem harmonischen Miteinander. Dabei kann die Bodenarbeit auch im Turniersport viele Reiterinnen\/ Reiter und Pferde unterst\u00fctzen &#8211; man muss nur offen daf\u00fcr sein und einen Blick \u00fcber den Tellerrand wagen.<\/span><\/p>\n<p style=\"text-align: center;\">Auf meinen <a href=\"http:\/\/lisaroeckener.de\/?page_id=11\">social Media Seiten<\/a> nehme ich euch mit in meine t\u00e4gliche Arbeit und zeige die Entwicklung der unterschiedlichsten Pferde.<\/p>\n<p style=\"text-align: center;\">Egal ob <a href=\"http:\/\/lisaroeckener.de\/?page_id=15\">Unterricht<\/a>, <a href=\"http:\/\/lisaroeckener.de\/?page_id=47\">Lehrg\u00e4nge<\/a>, <a href=\"http:\/\/lisaroeckener.de\/?page_id=35\">Beritt<\/a> oder <a href=\"http:\/\/lisaroeckener.de\/?page_id=49\">Shows<\/a>. Kontaktieren Sie mich gerne.<\/p>\n<p style=\"text-align: center;\">Viel Spa\u00df beim Durchst\u00f6bern meiner Seite \ud83d\ude42<\/p>\n<p><iframe loading=\"lazy\" title=\"VORSTELLUNGSVIDEO - Das ist mein Leben!\" width=\"525\" height=\"295\" src=\"https:\/\/www.youtube.com\/embed\/PzbM7fAOuXE?feature=oembed\" frameborder=\"0\" allow=\"accelerometer; autoplay; clipboard-write; encrypted-media; gyroscope; picture-in-picture; web-share\" referrerpolicy=\"strict-origin-when-cross-origin\" allowfullscreen><\/iframe><\/p>\n","protected":false},"excerpt":{"rendered":"<p>Tickets f\u00fcr unseren Ausbildungs-\/ Showabend \u201cR\u00d6CKENERS AT NIGHT 2027\u201d sind nun verf\u00fcgbar. Weitere Infos und Einblicke gibt es auf meiner Instagramseite lisa_roeckener. https:\/\/www.ticketmaster.de\/artist\/rockener-s-at-night-tickets\/1230434 Ich bin Lisa, 30 Jahre alt und habe mich neben meinem nun abgeschlossenem Lehramts-Referendariat selbstst\u00e4ndig gemacht. Ich kombiniere den Turniersport mit Freiarbeit und lege viel Wert auf einen fairen Umgang mit dem &hellip; <\/p>\n<p class=\"link-more\"><a href=\"https:\/\/lisaroeckener.de\/\" class=\"more-link\"><span class=\"screen-reader-text\">\u201eHerzlich Willkommen auf meiner Seite!\u201c<\/span> weiterlesen<\/a><\/p>\n","protected":false},"author":1,"featured_media":294,"parent":0,"menu_order":0,"comment_status":"closed","ping_status":"closed","template":"","meta":[],"_links":{"self":[{"href":"https:\/\/lisaroeckener.de\/index.php?rest_route=\/wp\/v2\/pages\/7"}],"collection":[{"href":"https:\/\/lisaroeckener.de\/index.php?rest_route=\/wp\/v2\/pages"}],"about":[{"href":"https:\/\/lisaroeckener.de\/index.php?rest_route=\/wp\/v2\/types\/page"}],"author":[{"embeddable":true,"href":"https:\/\/lisaroeckener.de\/index.php?rest_route=\/wp\/v2\/users\/1"}],"replies":[{"embeddable":true,"href":"https:\/\/lisaroeckener.de\/index.php?rest_route=%2Fwp%2Fv2%2Fcomments&post=7"}],"version-history":[{"count":43,"href":"https:\/\/lisaroeckener.de\/index.php?rest_route=\/wp\/v2\/pages\/7\/revisions"}],"predecessor-version":[{"id":441,"href":"https:\/\/lisaroeckener.de\/index.php?rest_route=\/wp\/v2\/pages\/7\/revisions\/441"}],"wp:featuredmedia":[{"embeddable":true,"href":"https:\/\/lisaroeckener.de\/index.php?rest_route=\/wp\/v2\/media\/294"}],"wp:attachment":[{"href":"https:\/\/lisaroeckener.de\/index.php?rest_route=%2Fwp%2Fv2%2Fmedia&parent=7"}],"curies":[{"name":"wp","href":"https:\/\/api.w.org\/{rel}","templated":true}]}}